{"id":1438,"date":"2023-02-18T18:39:35","date_gmt":"2023-02-18T18:39:35","guid":{"rendered":"https:\/\/bookatar.ro\/?page_id=1438"},"modified":"2023-02-18T19:41:50","modified_gmt":"2023-02-18T19:41:50","slug":"beri","status":"publish","type":"page","link":"https:\/\/bookatar.ro\/en\/beri\/","title":{"rendered":"Beri"},"content":{"rendered":"\t\t<div data-elementor-type=\"wp-page\" data-elementor-id=\"1438\" class=\"elementor elementor-1438\" data-elementor-post-type=\"page\">\n\t\t\t\t\t\t<section class=\"elementor-section elementor-top-section elementor-element elementor-element-a597c80 elementor-section-height-min-height elementor-section-boxed elementor-section-height-default elementor-section-items-middle\" data-id=\"a597c80\" data-element_type=\"section\" data-e-type=\"section\" data-settings=\"{&quot;background_background&quot;:&quot;classic&quot;,&quot;jet_parallax_layout_list&quot;:[{&quot;jet_parallax_layout_image&quot;:{&quot;url&quot;:&quot;&quot;,&quot;id&quot;:&quot;&quot;,&quot;size&quot;:&quot;&quot;},&quot;_id&quot;:&quot;564e22b&quot;,&quot;jet_parallax_layout_image_tablet&quot;:{&quot;url&quot;:&quot;&quot;,&quot;id&quot;:&quot;&quot;,&quot;size&quot;:&quot;&quot;},&quot;jet_parallax_layout_image_mobile&quot;:{&quot;url&quot;:&quot;&quot;,&quot;id&quot;:&quot;&quot;,&quot;size&quot;:&quot;&quot;},&quot;jet_parallax_layout_speed&quot;:{&quot;unit&quot;:&quot;%&quot;,&quot;size&quot;:50,&quot;sizes&quot;:[]},&quot;jet_parallax_layout_type&quot;:&quot;scroll&quot;,&quot;jet_parallax_layout_direction&quot;:&quot;1&quot;,&quot;jet_parallax_layout_fx_direction&quot;:null,&quot;jet_parallax_layout_z_index&quot;:&quot;&quot;,&quot;jet_parallax_layout_bg_x&quot;:50,&quot;jet_parallax_layout_bg_x_tablet&quot;:&quot;&quot;,&quot;jet_parallax_layout_bg_x_mobile&quot;:&quot;&quot;,&quot;jet_parallax_layout_bg_y&quot;:50,&quot;jet_parallax_layout_bg_y_tablet&quot;:&quot;&quot;,&quot;jet_parallax_layout_bg_y_mobile&quot;:&quot;&quot;,&quot;jet_parallax_layout_bg_size&quot;:&quot;auto&quot;,&quot;jet_parallax_layout_bg_size_tablet&quot;:&quot;&quot;,&quot;jet_parallax_layout_bg_size_mobile&quot;:&quot;&quot;,&quot;jet_parallax_layout_animation_prop&quot;:&quot;transform&quot;,&quot;jet_parallax_layout_on&quot;:[&quot;desktop&quot;,&quot;tablet&quot;]}]}\">\n\t\t\t\t\t\t\t<div class=\"elementor-background-overlay\"><\/div>\n\t\t\t\t\t\t\t<div class=\"elementor-container elementor-column-gap-default\">\n\t\t\t\t\t<div class=\"elementor-column elementor-col-100 elementor-top-column elementor-element elementor-element-86c5af4\" data-id=\"86c5af4\" data-element_type=\"column\" data-e-type=\"column\">\n\t\t\t<div class=\"elementor-widget-wrap elementor-element-populated\">\n\t\t\t\t\t\t<div class=\"elementor-element elementor-element-6991649 elementor-widget elementor-widget-heading\" data-id=\"6991649\" data-element_type=\"widget\" data-e-type=\"widget\" data-widget_type=\"heading.default\">\n\t\t\t\t<div class=\"elementor-widget-container\">\n\t\t\t\t\t<h1 class=\"elementor-heading-title elementor-size-default\">Bere savurat\u0103 de Bookatar<\/h1>\t\t\t\t<\/div>\n\t\t\t\t<\/div>\n\t\t\t\t<div class=\"elementor-element elementor-element-7abd072 elementor-hidden-mobile elementor-widget elementor-widget-text-editor\" data-id=\"7abd072\" data-element_type=\"widget\" data-e-type=\"widget\" data-widget_type=\"text-editor.default\">\n\t\t\t\t<div class=\"elementor-widget-container\">\n\t\t\t\t\t\t\t\t\t<p>Ne place berea. Dar nu bem orice bere. Trebuie s\u0103 fie aromat\u0103, preferabil cu note puternice de hamei. \u00cen acela\u0219i timp suntem deschi\u0219i la arome noi. \u00cen general asociem berea cu m\u00e2ncarea. Din aceast\u0103 cauz\u0103 e prezent\u0103 aici, pe Bookatar.ro<\/p>\t\t\t\t\t\t\t\t<\/div>\n\t\t\t\t<\/div>\n\t\t\t\t\t<\/div>\n\t\t<\/div>\n\t\t\t\t\t<\/div>\n\t\t<\/section>\n\t\t\t\t<section class=\"elementor-section elementor-top-section elementor-element elementor-element-68fedd9 elementor-section-boxed elementor-section-height-default elementor-section-height-default\" data-id=\"68fedd9\" data-element_type=\"section\" data-e-type=\"section\" data-settings=\"{&quot;jet_parallax_layout_list&quot;:[]}\">\n\t\t\t\t\t\t<div class=\"elementor-container elementor-column-gap-default\">\n\t\t\t\t\t<div class=\"elementor-column elementor-col-100 elementor-top-column elementor-element elementor-element-7d1e7b0\" data-id=\"7d1e7b0\" data-element_type=\"column\" data-e-type=\"column\">\n\t\t\t<div class=\"elementor-widget-wrap elementor-element-populated\">\n\t\t\t\t\t\t<div class=\"elementor-element elementor-element-5952ac9 elementor-grid-3 elementor-grid-tablet-2 elementor-grid-mobile-1 elementor-posts--thumbnail-top elementor-card-shadow-yes elementor-posts__hover-gradient elementor-widget elementor-widget-posts\" data-id=\"5952ac9\" data-element_type=\"widget\" data-e-type=\"widget\" data-settings=\"{&quot;cards_columns&quot;:&quot;3&quot;,&quot;cards_columns_tablet&quot;:&quot;2&quot;,&quot;cards_columns_mobile&quot;:&quot;1&quot;,&quot;cards_row_gap&quot;:{&quot;unit&quot;:&quot;px&quot;,&quot;size&quot;:35,&quot;sizes&quot;:[]},&quot;cards_row_gap_tablet&quot;:{&quot;unit&quot;:&quot;px&quot;,&quot;size&quot;:&quot;&quot;,&quot;sizes&quot;:[]},&quot;cards_row_gap_mobile&quot;:{&quot;unit&quot;:&quot;px&quot;,&quot;size&quot;:&quot;&quot;,&quot;sizes&quot;:[]}}\" data-widget_type=\"posts.cards\">\n\t\t\t\t<div class=\"elementor-widget-container\">\n\t\t\t\t\t\t\t<div class=\"elementor-posts-container elementor-posts elementor-posts--skin-cards elementor-grid\" role=\"list\">\n\t\t\t\t<article class=\"elementor-post elementor-grid-item post-1402 bere type-bere status-publish has-post-thumbnail hentry culoare-blonda tip-bere-fruity-ipa producator-clandestin\" role=\"listitem\">\n\t\t\t<div class=\"elementor-post__card\">\n\t\t\t\t<a class=\"elementor-post__thumbnail__link\" href=\"https:\/\/bookatar.ro\/en\/bere\/mr-nobody\/\" tabindex=\"-1\" ><div class=\"elementor-post__thumbnail\"><img fetchpriority=\"high\" decoding=\"async\" width=\"1000\" height=\"563\" src=\"https:\/\/bookatar.ro\/wp-content\/uploads\/2023\/02\/Bere-Clandestin-Mr-Nobody-Fruity-IPA-Bookatar.jpg\" class=\"attachment-full size-full wp-image-1431\" alt=\"\" srcset=\"https:\/\/bookatar.ro\/wp-content\/uploads\/2023\/02\/Bere-Clandestin-Mr-Nobody-Fruity-IPA-Bookatar.jpg 1000w, https:\/\/bookatar.ro\/wp-content\/uploads\/2023\/02\/Bere-Clandestin-Mr-Nobody-Fruity-IPA-Bookatar-300x169.jpg 300w, https:\/\/bookatar.ro\/wp-content\/uploads\/2023\/02\/Bere-Clandestin-Mr-Nobody-Fruity-IPA-Bookatar-768x432.jpg 768w\" sizes=\"(max-width: 1000px) 100vw, 1000px\" \/><\/div><\/a>\n\t\t\t\t<div class=\"elementor-post__text\">\n\t\t\t\t<h1 class=\"elementor-post__title\">\n\t\t\t<a href=\"https:\/\/bookatar.ro\/en\/bere\/mr-nobody\/\" >\n\t\t\t\tMr. Nobody\t\t\t<\/a>\n\t\t<\/h1>\n\t\t\t\t<\/div>\n\t\t\t\t\t<\/div>\n\t\t<\/article>\n\t\t\t\t<article class=\"elementor-post elementor-grid-item post-1316 bere type-bere status-publish has-post-thumbnail hentry culoare-blonda tip-bere-hazy-ipa producator-clandestin\" role=\"listitem\">\n\t\t\t<div class=\"elementor-post__card\">\n\t\t\t\t<a class=\"elementor-post__thumbnail__link\" href=\"https:\/\/bookatar.ro\/en\/bere\/veggie-clandestin\/\" tabindex=\"-1\" ><div class=\"elementor-post__thumbnail\"><img decoding=\"async\" width=\"1000\" height=\"563\" src=\"https:\/\/bookatar.ro\/wp-content\/uploads\/2023\/02\/Bere-Clandestin-Veggie-bookatar-5.jpg\" class=\"attachment-full size-full wp-image-1297\" alt=\"\" srcset=\"https:\/\/bookatar.ro\/wp-content\/uploads\/2023\/02\/Bere-Clandestin-Veggie-bookatar-5.jpg 1000w, https:\/\/bookatar.ro\/wp-content\/uploads\/2023\/02\/Bere-Clandestin-Veggie-bookatar-5-300x169.jpg 300w, https:\/\/bookatar.ro\/wp-content\/uploads\/2023\/02\/Bere-Clandestin-Veggie-bookatar-5-768x432.jpg 768w\" sizes=\"(max-width: 1000px) 100vw, 1000px\" \/><\/div><\/a>\n\t\t\t\t<div class=\"elementor-post__text\">\n\t\t\t\t<h1 class=\"elementor-post__title\">\n\t\t\t<a href=\"https:\/\/bookatar.ro\/en\/bere\/veggie-clandestin\/\" >\n\t\t\t\tVeggie\t\t\t<\/a>\n\t\t<\/h1>\n\t\t\t\t<\/div>\n\t\t\t\t\t<\/div>\n\t\t<\/article>\n\t\t\t\t<article class=\"elementor-post elementor-grid-item post-1271 bere type-bere status-publish has-post-thumbnail hentry culoare-blonda tip-bere-new-england-ipa producator-clandestin\" role=\"listitem\">\n\t\t\t<div class=\"elementor-post__card\">\n\t\t\t\t<a class=\"elementor-post__thumbnail__link\" href=\"https:\/\/bookatar.ro\/en\/bere\/the-chicken-clandestin\/\" tabindex=\"-1\" ><div class=\"elementor-post__thumbnail\"><img decoding=\"async\" width=\"1000\" height=\"563\" src=\"https:\/\/bookatar.ro\/wp-content\/uploads\/2023\/02\/Bere-Clandestin-Chicken-new-england-IPA-Bookatar.jpg\" class=\"attachment-full size-full wp-image-1433\" alt=\"\" srcset=\"https:\/\/bookatar.ro\/wp-content\/uploads\/2023\/02\/Bere-Clandestin-Chicken-new-england-IPA-Bookatar.jpg 1000w, https:\/\/bookatar.ro\/wp-content\/uploads\/2023\/02\/Bere-Clandestin-Chicken-new-england-IPA-Bookatar-300x169.jpg 300w, https:\/\/bookatar.ro\/wp-content\/uploads\/2023\/02\/Bere-Clandestin-Chicken-new-england-IPA-Bookatar-768x432.jpg 768w\" sizes=\"(max-width: 1000px) 100vw, 1000px\" \/><\/div><\/a>\n\t\t\t\t<div class=\"elementor-post__text\">\n\t\t\t\t<h1 class=\"elementor-post__title\">\n\t\t\t<a href=\"https:\/\/bookatar.ro\/en\/bere\/the-chicken-clandestin\/\" >\n\t\t\t\tThe chicken\t\t\t<\/a>\n\t\t<\/h1>\n\t\t\t\t<\/div>\n\t\t\t\t\t<\/div>\n\t\t<\/article>\n\t\t\t\t<\/div>\n\t\t\n\t\t\t\t\t\t<\/div>\n\t\t\t\t<\/div>\n\t\t\t\t\t<\/div>\n\t\t<\/div>\n\t\t\t\t\t<\/div>\n\t\t<\/section>\n\t\t\t\t<\/div>\n\t\t","protected":false},"excerpt":{"rendered":"<p>Beer enjoyed by Bookatar We love beer. But we don't drink just any beer. It has to be aromatic, preferably with strong hoppy notes. At the same time<\/p>","protected":false},"author":1,"featured_media":0,"parent":0,"menu_order":0,"comment_status":"closed","ping_status":"closed","template":"elementor_header_footer","meta":{"_seopress_robots_primary_cat":"","_seopress_titles_title":"","_seopress_titles_desc":"","_seopress_robots_index":"","footnotes":""},"class_list":["post-1438","page","type-page","status-publish","hentry"],"_links":{"self":[{"href":"https:\/\/bookatar.ro\/en\/wp-json\/wp\/v2\/pages\/1438","targetHints":{"allow":["GET"]}}],"collection":[{"href":"https:\/\/bookatar.ro\/en\/wp-json\/wp\/v2\/pages"}],"about":[{"href":"https:\/\/bookatar.ro\/en\/wp-json\/wp\/v2\/types\/page"}],"author":[{"embeddable":true,"href":"https:\/\/bookatar.ro\/en\/wp-json\/wp\/v2\/users\/1"}],"replies":[{"embeddable":true,"href":"https:\/\/bookatar.ro\/en\/wp-json\/wp\/v2\/comments?post=1438"}],"version-history":[{"count":28,"href":"https:\/\/bookatar.ro\/en\/wp-json\/wp\/v2\/pages\/1438\/revisions"}],"predecessor-version":[{"id":1476,"href":"https:\/\/bookatar.ro\/en\/wp-json\/wp\/v2\/pages\/1438\/revisions\/1476"}],"wp:attachment":[{"href":"https:\/\/bookatar.ro\/en\/wp-json\/wp\/v2\/media?parent=1438"}],"curies":[{"name":"wp","href":"https:\/\/api.w.org\/{rel}","templated":true}]}}