{"id":516,"date":"2021-10-21T15:44:14","date_gmt":"2021-10-21T15:44:14","guid":{"rendered":"https:\/\/bookatar.ro\/privacy-center\/cookie-policy\/"},"modified":"2021-10-26T11:28:05","modified_gmt":"2021-10-26T11:28:05","slug":"cookie-policy","status":"publish","type":"page","link":"https:\/\/bookatar.ro\/en\/privacy-center\/cookie-policy\/","title":{"rendered":"Cookie Policy"},"content":{"rendered":"\t\t<div data-elementor-type=\"wp-page\" data-elementor-id=\"516\" class=\"elementor elementor-516\" data-elementor-post-type=\"page\">\n\t\t\t\t\t\t<section class=\"elementor-section elementor-top-section elementor-element elementor-element-26930d49 elementor-section-boxed elementor-section-height-default elementor-section-height-default\" data-id=\"26930d49\" data-element_type=\"section\" data-e-type=\"section\" data-settings=\"{&quot;jet_parallax_layout_list&quot;:[{&quot;jet_parallax_layout_image&quot;:{&quot;url&quot;:&quot;&quot;,&quot;id&quot;:&quot;&quot;,&quot;size&quot;:&quot;&quot;},&quot;_id&quot;:&quot;30562b1&quot;,&quot;jet_parallax_layout_image_tablet&quot;:{&quot;url&quot;:&quot;&quot;,&quot;id&quot;:&quot;&quot;,&quot;size&quot;:&quot;&quot;},&quot;jet_parallax_layout_image_mobile&quot;:{&quot;url&quot;:&quot;&quot;,&quot;id&quot;:&quot;&quot;,&quot;size&quot;:&quot;&quot;},&quot;jet_parallax_layout_speed&quot;:{&quot;unit&quot;:&quot;%&quot;,&quot;size&quot;:50,&quot;sizes&quot;:[]},&quot;jet_parallax_layout_type&quot;:&quot;scroll&quot;,&quot;jet_parallax_layout_direction&quot;:&quot;1&quot;,&quot;jet_parallax_layout_fx_direction&quot;:null,&quot;jet_parallax_layout_z_index&quot;:&quot;&quot;,&quot;jet_parallax_layout_bg_x&quot;:50,&quot;jet_parallax_layout_bg_x_tablet&quot;:&quot;&quot;,&quot;jet_parallax_layout_bg_x_mobile&quot;:&quot;&quot;,&quot;jet_parallax_layout_bg_y&quot;:50,&quot;jet_parallax_layout_bg_y_tablet&quot;:&quot;&quot;,&quot;jet_parallax_layout_bg_y_mobile&quot;:&quot;&quot;,&quot;jet_parallax_layout_bg_size&quot;:&quot;auto&quot;,&quot;jet_parallax_layout_bg_size_tablet&quot;:&quot;&quot;,&quot;jet_parallax_layout_bg_size_mobile&quot;:&quot;&quot;,&quot;jet_parallax_layout_animation_prop&quot;:&quot;transform&quot;,&quot;jet_parallax_layout_on&quot;:[&quot;desktop&quot;,&quot;tablet&quot;]}]}\">\n\t\t\t\t\t\t<div class=\"elementor-container elementor-column-gap-default\">\n\t\t\t\t\t<div class=\"elementor-column elementor-col-100 elementor-top-column elementor-element elementor-element-4db7c59e\" data-id=\"4db7c59e\" data-element_type=\"column\" data-e-type=\"column\">\n\t\t\t<div class=\"elementor-widget-wrap elementor-element-populated\">\n\t\t\t\t\t\t<div class=\"elementor-element elementor-element-63d37c14 elementor-widget elementor-widget-text-editor\" data-id=\"63d37c14\" data-element_type=\"widget\" data-e-type=\"widget\" data-widget_type=\"text-editor.default\">\n\t\t\t\t<div class=\"elementor-widget-container\">\n\t\t\t\t\t\t\t\t\t<header class=\"entry-header\"><header class=\"entry-header\">\n<h1 class=\"entry-title h1\">Politic\u0103 Privind Fi\u0219ierele De Tip Cookie<\/h1>\n<\/header>\n<div class=\"entry-content herald-entry-content\">\n<div class=\"code-block code-block-2\">\n<div id=\"ezoic-pub-ad-placeholder-102\"><\/div>\n<\/div>\n<ol>\n \t<li><b><strong>Ce este un fi\u015fier cookie \u015fi \u00een ce scop este folosit?<\/strong><\/b><\/li>\n<\/ol>\nWebsite-ul nostru utilizeaz\u0103 tehnologia de tip cookie pentru a v\u0103 oferi un serviciu web mai bun \u0219i personalizat. Datele stocate de fi\u0219ierele de tip cookie utilizate pe Website-ul nostru nu arat\u0103 niciodat\u0103 detalii personale \u00een baza c\u0103rora s\u0103 poat\u0103 fi stabilit\u0103 o identitate individual\u0103.\n\nUn fi\u0219ier de tip cookie reprezint\u0103 un mic fi\u0219ier text care este stocat \u0219i\/sau citit de browserul dvs. web pe hard disk-ul dispozitivului dvs. final (<em>de exemplu<\/em>, computer, laptop sau smartphone) \u00een func\u021bie de site-urile web pe care le vizita\u021bi. De asemenea, fi\u0219ierele de tip cookie fac interac\u021biunea dvs. cu site-urile web mai sigur\u0103 \u0219i mai rapid\u0103, deoarece acestea \u00ee\u0219i pot aminti preferin\u021bele dvs. (<em>de exemplu<\/em>, autentificare, limb\u0103), trimi\u021b\u00e2nd informa\u021biile pe care le con\u021bin \u00eenapoi la site-ul web originar (<em>first-party<\/em>\u00a0<em>cookie<\/em>) sau c\u0103tre alt site web c\u0103ruia le apar\u021bin (<em>third-party cookie<\/em>), atunci c\u00e2nd vizita\u021bi din nou site-ul web respectiv utiliz\u00e2nd acela\u0219i dispozitiv final.\n<ol start=\"2\">\n \t<li><b><strong>Cum pute\u0163i controla fi\u015fierele de tip cookie<\/strong><\/b><\/li>\n<\/ol>\nV\u0103 pute\u021bi retrage consim\u021b\u0103m\u00e2ntul privind fi\u0219ierele de tip cookie \u00een orice moment. \u00cen acest scop, pute\u0163i s\u0103 bloca\u0163i sau elimina\u0163i fi\u015fierele cookie fie prin intermediul set\u0103rilor browserului dvs. web sau prin utilizarea unor software-uri puse la dispozi\u0163ie de ter\u021bi, sau urm\u00e2nd instruc\u0163iunile specifice pentru categoriile de cookie din sec\u0163iunile urm\u0103toare. In orice situa\u0163ie, pot ap\u0103rea probleme legate de utilizarea anumitor p\u0103r\u021bi ale site-ului web dac\u0103 dezactiva\u0163i fi\u015fierele de tip cookie.\n\n\u00cen cazul \u00een care dori\u021bi s\u0103 elimina\u021bi fi\u0219ierele de tip cookie stocate pe dispozitivele dvs. \u0219i s\u0103 configura\u021bi browserul dvs. web astfel \u00eenc\u00e2t s\u0103 refuze fi\u0219iere de tip cookie, pute\u021bi s\u0103 utiliza\u021bi set\u0103rile privind preferin\u021bele din browser-ul dvs. web. De\u00a0 obicei, pute\u021bi g\u0103si set\u0103rile de navigare referitoare la fi\u0219iere de tip cookie \u00een meniurile \u201eOp\u021biuni\u201d, \u201eInstrumente\u201d sau \u201ePreferin\u021be\u201d din browserul web pe\u00a0 care \u00eel utiliza\u021bi pentru a accesa Website-ul nostru. \u00cen func\u021bie de browserele web existente, pot fi utilizate mijloace diverse pentru a dezactiva fi\u0219ierele de tip cookie. Pentru a ob\u021bine mai multe informa\u021bii, v\u0103 rug\u0103m s\u0103 vizita\u021bi website-ul browserelor dvs.:\n<ul>\n \t<li>Set\u0103ri cookie \u00een Internet Explorer \u2013\u00a0<a href=\"https:\/\/support.microsoft.com\/en-us\/help\/17442\/windows-internet-explorer-delete-manage-cookies#ie=ie-11\">Internet Explorer<\/a>;<\/li>\n \t<li>Set\u0103ri cookie \u00een Firefox \u2013\u00a0<a href=\"https:\/\/support.mozilla.org\/en-US\/kb\/enable-and-disable-cookies-website-preferences\">Firefox<\/a>;<\/li>\n \t<li>Set\u0103ri cookie \u00een Chrome \u2013\u00a0<a href=\"https:\/\/support.google.com\/chrome\/answer\/95647?hl=en&amp;hlrm=en\">Chrome<\/a>;<\/li>\n \t<li>Set\u0103ri cookie \u00een Safari \u2013\u00a0<a href=\"https:\/\/support.apple.com\/guide\/safari\/manage-cookies-and-website-data-sfri11471\/mac\">Safari<\/a>;<\/li>\n \t<li>Set\u0103ri cookie \u00een Edge \u2013\u00a0<a href=\"https:\/\/privacy.microsoft.com\/en-us\/windows-10-microsoft-edge-and-privacy\">Edge<\/a>;<\/li>\n \t<li>Set\u0103ri cookie \u00een Opera \u2013\u00a0<a href=\"https:\/\/www.opera.com\/help\/tutorials\/security\/privacy\/\">Opera<\/a>.<\/li>\n<\/ul>\nPentru a afla mai multe despre fi\u0219ierele de tip cookie, v\u0103 rug\u0103m s\u0103 vizita\u021bi\u00a0<a href=\"http:\/\/www.allaboutcookies.org\/\">www.allaboutcookies.org<\/a>\u00a0sau s\u0103 vede\u021bi\u00a0<a href=\"http:\/\/www.youronlinechoices.eu\/\">www.youronlinechoices.eu<\/a>, care con\u021bine informa\u021bii suplimentare privind publicitatea comportamental\u0103 \u0219i via\u021ba privat\u0103 online.\n<ol start=\"3\">\n \t<li><b><strong>Fi\u0219ierele de tip cookie<\/strong><\/b><b><strong>utilizate pe Website-ul nostru, Bookatar.ro<\/strong><\/b><\/li>\n<\/ol>\n\u00cen baza func\u021biei \u0219i scopului pentru care sunt utilizate fi\u0219ierele de tip cookie, acestea sunt, de obicei, clasificate \u00een urm\u0103toarele categorii:\n<ul>\n \t<li><u>Fi\u0219iere de tip cookie absolut necesare<\/u>\u00a0v\u0103 permit s\u0103 naviga\u021bi pe Website \u0219i s\u0103 \u00eei utiliza\u021bi func\u021biile de baz\u0103. De obicei, acestea sunt instalate doar ca r\u0103spuns la ac\u021biunile efectuate de dvs. care echivaleaz\u0103 cu o cerere de servicii. Aceste fi\u0219iere de tip cookie sunt indispensabile pentru utilizarea Website-urilor.<\/li>\n \t<li><u>Fi\u0219iere de tip cookie privind func\u021bionalitatea<\/u>\u00a0sunt utilizate pentru a v\u0103 recunoa\u0219te atunci c\u00e2nd reveni\u021bi pe Website-ul nostru \u0219i ne permit s\u0103 v\u0103 oferim func\u021bii \u00eembun\u0103t\u0103\u021bite \u0219i mai personalizate, cum ar fi reamintirea preferin\u021belor dvs.\u00a0 Aceste fi\u0219iere de tip cookie colecteaz\u0103 informa\u021bii anonime \u0219i nu pot urm\u0103ri navig\u0103rile dvs. pe alte site-uri web. Perioada de expirare a acestor fi\u0219iere de tip cookie este de maximum 2 ani.<\/li>\n \t<li><u>Fi\u0219iere de tip cookie analitice \u0219i privind performan\u021ba<\/u>\u00a0ne permit s\u0103 recunoa\u0219tem \u0219i s\u0103 num\u0103r\u0103m utilizatorii \u0219i s\u0103 colect\u0103m informa\u021bii despre modul \u00een care este utilizat Website-ul (de exemplu, paginile pe care un utilizator le deschide cel mai des \u0219i dac\u0103 utilizatorul prime\u0219te mesaje de eroare de la anumite pagini). Aceasta ne ajut\u0103 s\u0103 \u00eembun\u0103t\u0103\u021bim modul \u00een care func\u021bioneaz\u0103 Website-ul nostru, de exemplu, asigur\u00e2nd c\u0103 pute\u021bi g\u0103si u\u0219or ceea ce c\u0103uta\u021bi. Perioada de expirare a acestor fi\u0219iere de tip cookie este de maximum 2 ani.\u00a0\u00cen ceea ce prive\u015fte third-party cookies, perioada de expirare poate s\u0103 varieze \u015fi \u00een unele cazuri poate dep\u0103\u015fi 2 ani.\u00a0Pentru mai multe detalii cu privire la aceast\u0103 categorie de cookies, consulta\u0163i Sec\u0163iunea 4 de mai jos.<\/li>\n \t<li><u>Fi\u0219iere de tip cookie privind marketing \u0219i identificarea publicului \u021bint\u0103<\/u>\u00a0\u00eenregistreaz\u0103 vizita dvs. pe Website-ul nostru, paginile pe care le-a\u021bi vizitat \u0219i link-urile pe care le-a\u021bi accesat. Vom utiliza aceste informa\u021bii pentru a oferi reclame mai relevante pentru dvs. \u0219i interesele dvs. De asemenea, acestea sunt utilizate pentru a limita frecven\u021ba cu care pute\u021bi vedea o reclam\u0103 \u0219i pentru a ajuta la m\u0103surarea eficien\u021bei campaniilor publicitare. De asemenea, putem \u00eemp\u0103rt\u0103\u0219i aceste informa\u021bii cu ter\u021be-p\u0103r\u021bi (cum ar fi agen\u021bii de publicitate) \u00een acest scop. Perioada de expirare a acestor fi\u0219iere de tip cookie este de maximum 2 ani.\u00a0\u00cen ceea ce prive\u015fte third-party cookies, perioada de expirare poate s\u0103 varieze \u015fi \u00een unele cazuri poate dep\u0103\u015fi 2 ani.\u00a0Pentru mai multe detalii cu privire la aceast\u0103 categorie de cookies, consulta\u0163i Sec\u0163iunea 5 de mai jos.<\/li>\n \t<li><u>Fi\u0219iere de tip cookie privind re\u021belele sociale<\/u>\u00a0v\u0103 permit s\u0103 \u00eemp\u0103rt\u0103\u0219i\u021bi pe site-ul web activitatea dvs. pe re\u021bele sociale, cum ar fi Facebook \u0219i Twitter. Aceste fi\u0219iere de tip cookie nu sunt controlate de c\u0103tre noi. Pentru mai multe detalii cu privire la aceast\u0103 categorie de cookies, consulta\u0163i Sec\u0163iunea 6 de mai jos.<\/li>\n \t<li><u>Alte tipuri de fi\u0219iere de tip cookie<\/u>\u00a0care pot fi utilizate ulterior. V\u0103 vom informa prin politicile noastre actualizate dac\u0103 sunt utilizate orice alte tipuri de cookies.<\/li>\n<\/ul>\nV\u0103 rug\u0103m s\u0103 observa\u021bi c\u0103 <b><strong>Bookatar.ro<\/strong><\/b> utilizeaz\u0103 serviciile ter\u021belor-p\u0103r\u021bi pentru a ob\u021bine informa\u021bii cu privire la utilizarea de c\u0103tre dvs. a Website-urilor noastre pentru a optimiza experien\u021ba dvs. de utilizator \u0219i pentru a v\u0103 prezenta publicitate \u00een afara Website-ului nostru. Aceste ter\u021be-p\u0103r\u021bi (inclusiv, de exemplu, agen\u0163ii de publicitate \u0219i furnizorii de servicii externe, cum ar fi serviciile de analiz\u0103 a traficului web) pot, de asemenea, utiliza fi\u0219iere de tip cookie, asupra c\u0103rora nu exercit\u0103m niciun control.\n<ol start=\"4\">\n \t<li><b><strong>Fi\u0219iere de tip cookie\u00a0<\/strong><\/b><b><strong>utilizate \u00een scopuri statistice \u0219i pentru monitorizarea traficului web<\/strong><\/b><\/li>\n<\/ol>\n<u>Google Analytics<\/u>\n\nWebsite-urile noastre utilizeaz\u0103 Google Analytics, un serviciu pentru analiza web, furnizat de Google. Google Analytics utilizeaz\u0103 fi\u0219iere de tip cookie pentru a ajuta un anumit Website s\u0103 analizeze modul \u00een care utiliza\u021bi respectivul Website. Informa\u021biile generate de fi\u0219ierele de tip cookie cu privire la utilizarea de c\u0103tre dvs. a Website-ului (inclusiv adresa dvs. IP)\u00a0 vor fi transmise \u0219i stocate de Google pe servere care pot fi localizate \u00een UE, SEE \u015fi\/sau Statele Unite. Google va utiliza aceste informa\u021bii \u00een scopul evalu\u0103rii utiliz\u0103rii de c\u0103tre dvs. a Website-ului, elabor\u00e2nd rapoarte cu privire la activitatea Website-ului pentru operatorii Website-ului \u0219i furniz\u00e2nd alte servicii referitoare la activitatea Website-ului \u0219i la utilizarea internetului. De asemenea, Google poate transfera aceste informa\u021bii c\u0103tre ter\u021bi \u00een cazul \u00een care are aceast\u0103 obliga\u0163ie conform legii sau \u00een cazul \u00een care ace\u0219ti ter\u021bi prelucreaz\u0103 informa\u021biile \u00een numele Google. Google nu va asocia adresa dvs. IP cu alte date de\u021binute de Google.\n\nPute\u021bi renun\u021ba la Google Analytics f\u0103r\u0103 a afecta modul \u00een care pute\u021bi vizita site-ul nostru web.\n\nInforma\u021bii detaliate cu privire la Google Analytics \u0219i protec\u021bia datelor cu caracter personal (inclusiv modul \u00een care pute\u021bi controla informa\u021biile trimise c\u0103tre Google) pot fi g\u0103site la:\u00a0<a href=\"https:\/\/policies.google.com\/privacy\/partners\">https:\/\/policies.google.com\/privacy\/partners<\/a>.\n\nPentru a \u00eempiedica monitorizarea prin acest tip de cookie, pute\u021bi instala un add-in pe browserul dvs. web (<a href=\"http:\/\/tools.google.com\/dlpage\/gaoptout\">http:\/\/tools.google.com\/dlpage\/gaoptout<\/a>).\n\n<u>Alte fi\u0219iere de tip cookie analitice \u0219i privind performan\u021ba<\/u>\n\n\u00cen mod similar \u0219i \u00een acelea\u0219i scopuri (analiz\u0103 \u0219i monitorizarea traficului), Website-urile noastre utilizeaz\u0103 fi\u0219iere de tip cookie plasate de\u00a0 Clicky, Quantcast \u015fi Facebook pentru a colecta date privind interac\u021biunea dvs. cu site-ul web \u0219i comportamentul dvs. de navigare pe Website (inclusiv ID-ul fi\u0219ierului de tip cookie, adresa IP \u0219i tipul de dispozitiv utilizat pentru a accesa Website-ul). Totu\u0219i, primim doar date agregate privind utilizatorii Website-ului, f\u0103r\u0103 nicio posibilitate de a v\u0103 identifica.\n\nInforma\u021bii detaliate privind prelucrarea efectuat\u0103 de (i) Clicky pot fi g\u0103site la\u00a0<a href=\"https:\/\/clicky.com\/terms\/privacy\" target=\"_blank\" rel=\"noopener\">https:\/\/clicky.com\/terms\/privacy<\/a>\u00a0(ii) Quantcast pot fi g\u0103site la\u00a0<a href=\"https:\/\/www.quantcast.com\/privacy\/\">https:\/\/www.quantcast.com\/privacy\/<\/a>; (iii) Facebook pot fi g\u0103site la\u00a0<a href=\"https:\/\/www.facebook.com\/policy.php\">https:\/\/www.facebook.com\/policy.php<\/a>.\n<ol start=\"5\">\n \t<li><b><strong>Fi\u0219iere de tip cookie\u00a0<\/strong><\/b><b><strong>utilizate \u00een scopuri de comercializare direct\u0103<\/strong><\/b><\/li>\n<\/ol>\n<u>Google Analytics<\/u>\n\nPentru a primi anun\u021buri publicitare \u0219i con\u021binut de marketing, personalizate \u00een func\u021bie de preferin\u021bele dvs., Website-ul nostru utilizeaz\u0103 tehnologia DoubleClick for AdSense furnizat\u0103 de Google. Informa\u021biile generate de fi\u0219ierele de tip cookie cu privire la utilizarea de c\u0103tre dvs. a Website-ului (inclusiv adresa dvs. IP)\u00a0 vor fi transmise \u0219i stocate de Google pe servere care pot fi localizate \u00een UE, SEE \u015fi\/sau Statele Unite. De asemenea, Google poate transfera aceste informa\u021bii c\u0103tre ter\u021bi \u00een cazul \u00een care are aceast\u0103 obliga\u0163ie conform legii sau \u00een cazul \u00een care ace\u0219ti ter\u021bi prelucreaz\u0103 informa\u021biile \u00een numele Google. Google nu va asocia adresa dvs. IP cu alte date de\u021binute de Google.\n\nInforma\u021bii detaliate cu privire la Google Analytics \u0219i protec\u021bia datelor cu caracter personal (inclusiv modul \u00een care pute\u021bi controla informa\u021biile trimise c\u0103tre Google) pot fi g\u0103site la:\u00a0<a href=\"https:\/\/policies.google.com\/privacy\/partners\">https:\/\/policies.google.com\/privacy\/partners<\/a>.\n<ol start=\"6\">\n \t<li><b><strong>Fi\u0219iere de tip cookie privind re\u021belele sociale<\/strong><\/b><\/li>\n<\/ol>\nPe Website-ul nostru, ter\u0163e p\u0103r\u0163i care furnizeaz\u0103 aplica\u0163ii pot plasa propriile lor fi\u015fiere de tip cookie \u00een vederea monitoriz\u0103rii performan\u0163ei aplica\u0163iilor lor sau pentru a-\u015fi personaliza aceste aplica\u0163ii pentru dvs. De exemplu, atunci c\u00e2nd distribui\u0163i un articol utiliz\u00e2nd un buton de distribuire \u00een re\u0163elele de socializare (e.g., Facebook or Twitter) disponibil pe un Website, platforma re\u0163elei de socializare asociat\u0103 butonului respectiv va \u00eenregistra acest lucru. Pe unele Website-uri poate de asemenea s\u0103 existe con\u0163inut integrat (\u201eembedded\u201d), de exemplu con\u0163inut video al unor ter\u0163e p\u0103r\u0163i precum YouTube, \u015fi, \u00een acest caz, ace\u015fti ter\u0163i pot s\u0103-\u015fi plaseze la r\u00e2ndul lor propriile fi\u015fiere de tip cookie.\n\nAsemenea fi\u015fiere de tip cookie nu pot fi accesate de <b><strong>Bookatar.ro<\/strong><\/b>.\n\n***\n\nUltima actualizare: 26 octombrie 2021.\n\nPutem actualiza aceast\u0103 Politic\u0103 din c\u00e2nd \u00een c\u00e2nd \u0219i v\u0103 vom notifica orice modificare prin postarea noii variante pe Website-ul nostru. \u00cen cazul \u00een care ne-a\u021bi furnizat datele dumneavoastr\u0103 de contact \u0219i ne-a\u021bi autorizat s\u0103 v\u0103 contact\u0103m, v\u0103 vom anun\u021ba dac\u0103 modific\u0103m aceast\u0103 Politic\u0103 \u00een mod substan\u021bial. V\u0103 rug\u0103m s\u0103 consulta\u021bi periodic aceast\u0103 Politic\u0103 pentru orice modific\u0103ri.\n\n<\/div>\n<\/header>\t\t\t\t\t\t\t\t<\/div>\n\t\t\t\t<\/div>\n\t\t\t\t\t<\/div>\n\t\t<\/div>\n\t\t\t\t\t<\/div>\n\t\t<\/section>\n\t\t\t\t<\/div>\n\t\t","protected":false},"excerpt":{"rendered":"<p>Politic\u0103 Privind Fi\u0219ierele De Tip Cookie Ce este un fi\u015fier cookie \u015fi \u00een ce scop este folosit? Website-ul nostru utilizeaz\u0103 tehnologia de tip cookie pentru a v\u0103 oferi un serviciu web mai bun \u0219i personalizat. Datele stocate de fi\u0219ierele de tip cookie utilizate pe Website-ul nostru nu arat\u0103 niciodat\u0103 detalii personale \u00een baza c\u0103rora s\u0103 [&hellip;]<\/p>\n","protected":false},"author":1,"featured_media":0,"parent":514,"menu_order":0,"comment_status":"closed","ping_status":"closed","template":"elementor_header_footer","meta":{"_seopress_robots_primary_cat":"","_seopress_titles_title":"","_seopress_titles_desc":"","_seopress_robots_index":"","footnotes":""},"class_list":["post-516","page","type-page","status-publish","hentry"],"_links":{"self":[{"href":"https:\/\/bookatar.ro\/en\/wp-json\/wp\/v2\/pages\/516","targetHints":{"allow":["GET"]}}],"collection":[{"href":"https:\/\/bookatar.ro\/en\/wp-json\/wp\/v2\/pages"}],"about":[{"href":"https:\/\/bookatar.ro\/en\/wp-json\/wp\/v2\/types\/page"}],"author":[{"embeddable":true,"href":"https:\/\/bookatar.ro\/en\/wp-json\/wp\/v2\/users\/1"}],"replies":[{"embeddable":true,"href":"https:\/\/bookatar.ro\/en\/wp-json\/wp\/v2\/comments?post=516"}],"version-history":[{"count":4,"href":"https:\/\/bookatar.ro\/en\/wp-json\/wp\/v2\/pages\/516\/revisions"}],"predecessor-version":[{"id":892,"href":"https:\/\/bookatar.ro\/en\/wp-json\/wp\/v2\/pages\/516\/revisions\/892"}],"up":[{"embeddable":true,"href":"https:\/\/bookatar.ro\/en\/wp-json\/wp\/v2\/pages\/514"}],"wp:attachment":[{"href":"https:\/\/bookatar.ro\/en\/wp-json\/wp\/v2\/media?parent=516"}],"curies":[{"name":"wp","href":"https:\/\/api.w.org\/{rel}","templated":true}]}}