{"id":525,"date":"2021-10-21T15:44:14","date_gmt":"2021-10-21T15:44:14","guid":{"rendered":"https:\/\/bookatar.ro\/privacy-center\/terms-and-conditions\/"},"modified":"2021-10-26T11:22:55","modified_gmt":"2021-10-26T11:22:55","slug":"terms-and-conditions","status":"publish","type":"page","link":"https:\/\/bookatar.ro\/en\/privacy-center\/terms-and-conditions\/","title":{"rendered":"Terms And Conditions"},"content":{"rendered":"\t\t<div data-elementor-type=\"wp-page\" data-elementor-id=\"525\" class=\"elementor elementor-525\" data-elementor-post-type=\"page\">\n\t\t\t\t\t\t<section class=\"elementor-section elementor-top-section elementor-element elementor-element-768289cd elementor-section-boxed elementor-section-height-default elementor-section-height-default\" data-id=\"768289cd\" data-element_type=\"section\" data-e-type=\"section\" data-settings=\"{&quot;jet_parallax_layout_list&quot;:[{&quot;jet_parallax_layout_image&quot;:{&quot;url&quot;:&quot;&quot;,&quot;id&quot;:&quot;&quot;,&quot;size&quot;:&quot;&quot;},&quot;_id&quot;:&quot;ff07e81&quot;,&quot;jet_parallax_layout_image_tablet&quot;:{&quot;url&quot;:&quot;&quot;,&quot;id&quot;:&quot;&quot;,&quot;size&quot;:&quot;&quot;},&quot;jet_parallax_layout_image_mobile&quot;:{&quot;url&quot;:&quot;&quot;,&quot;id&quot;:&quot;&quot;,&quot;size&quot;:&quot;&quot;},&quot;jet_parallax_layout_speed&quot;:{&quot;unit&quot;:&quot;%&quot;,&quot;size&quot;:50,&quot;sizes&quot;:[]},&quot;jet_parallax_layout_type&quot;:&quot;scroll&quot;,&quot;jet_parallax_layout_direction&quot;:&quot;1&quot;,&quot;jet_parallax_layout_fx_direction&quot;:null,&quot;jet_parallax_layout_z_index&quot;:&quot;&quot;,&quot;jet_parallax_layout_bg_x&quot;:50,&quot;jet_parallax_layout_bg_x_tablet&quot;:&quot;&quot;,&quot;jet_parallax_layout_bg_x_mobile&quot;:&quot;&quot;,&quot;jet_parallax_layout_bg_y&quot;:50,&quot;jet_parallax_layout_bg_y_tablet&quot;:&quot;&quot;,&quot;jet_parallax_layout_bg_y_mobile&quot;:&quot;&quot;,&quot;jet_parallax_layout_bg_size&quot;:&quot;auto&quot;,&quot;jet_parallax_layout_bg_size_tablet&quot;:&quot;&quot;,&quot;jet_parallax_layout_bg_size_mobile&quot;:&quot;&quot;,&quot;jet_parallax_layout_animation_prop&quot;:&quot;transform&quot;,&quot;jet_parallax_layout_on&quot;:[&quot;desktop&quot;,&quot;tablet&quot;]}]}\">\n\t\t\t\t\t\t<div class=\"elementor-container elementor-column-gap-default\">\n\t\t\t\t\t<div class=\"elementor-column elementor-col-100 elementor-top-column elementor-element elementor-element-23f87f75\" data-id=\"23f87f75\" data-element_type=\"column\" data-e-type=\"column\">\n\t\t\t<div class=\"elementor-widget-wrap elementor-element-populated\">\n\t\t\t\t\t\t<div class=\"elementor-element elementor-element-3f052ff5 elementor-widget elementor-widget-text-editor\" data-id=\"3f052ff5\" data-element_type=\"widget\" data-e-type=\"widget\" data-widget_type=\"text-editor.default\">\n\t\t\t\t<div class=\"elementor-widget-container\">\n\t\t\t\t\t\t\t\t\t<header style=\"margin-bottom: 25px; color: #686868; font-family: 'Open Sans'; font-weight: 600; background-color: #eeeeee;\"><h1 style=\"font-size: 4rem; margin: 0px; line-height: 1.25; font-family: 'Open Sans'; font-weight: 600; color: #606060;\">Termeni \u0219i condi\u021bii<\/h1><\/header><div style=\"line-height: 1.625; color: #686868; font-family: 'Open Sans'; font-weight: 600; background-color: #eeeeee;\"><div style=\"margin: 8px auto; text-align: center; clear: both;\"><div>\u00a0<\/div><\/div><header><h1 style=\"font-size: 4rem; margin: 0px 0px 2rem; line-height: 1.25; font-family: 'Open Sans'; font-weight: 600; color: #606060;\">\u00a0<\/h1><\/header><div><div><p style=\"margin-right: 0px; margin-bottom: 3rem; margin-left: 0px;\">TERMENI GENERALI<\/p><p style=\"margin-right: 0px; margin-bottom: 3rem; margin-left: 0px;\">a.\u00a0Acest site,\u00a0bookatar.ro, \u00a0apar\u0163ine\u00a0<a style=\"color: #ff5b33; padding-bottom: 0px; border-bottom: none; transition: border-bottom 0.15s ease-in 0s;\" href=\"http:\/\/www.cesbrands.ro\/\" target=\"_blank\" rel=\"noopener\">Ces Brands SRL<\/a>. Accesarea acestuia ori a oric\u0103rei p\u0103r\u0163i din el presupune acordul tacit al utilizatorilor cu termenii de mai jos.<\/p><p style=\"margin-right: 0px; margin-bottom: 3rem; margin-left: 0px;\">b.Ces Brands SRL\u00a0poate schimba con\u0163inutul site-ului la orice moment, poate aduce modific\u0103ri de structur\u0103, con\u0163inut \u015fi accesibilitate, poate sista furnizarea informa\u0163iilor pe site, f\u0103r\u0103 un acord prealabil \u015fi f\u0103r\u0103 vreo notificare c\u0103tre utilizatori ori c\u0103tre ter\u0163e persoane.<\/p><p style=\"margin-right: 0px; margin-bottom: 3rem; margin-left: 0px;\">1. CON\u0162INUT<\/p><p style=\"margin-right: 0px; margin-bottom: 3rem; margin-left: 0px;\">a.\u00a0Con\u0163inutul site-ului este destinat uzului personal, f\u0103r\u0103 scop direct ori indirect comerial. Toate materialele publicate (incluz\u00e2nd, dar f\u0103r\u0103 a se limita la, articole, informa\u0163ii, fotografii, date, clipuri audio\/video \u2013 generic numite con\u0163inut), inclusiv cele incluse in newsletter, sunt protejate de c\u0103tre dispozi\u0163iile legale incidente: Legea nr. 8\/1996, cu modific\u0103rile \u015fi complet\u0103rile ulterioare \u2013 privind dreptul de autor \u015fi drepturile conexe, Legea nr. 84\/1998 \u2013 privind m\u0103rcile \u015fi indica\u0163iile geografice \u015fi Legea nr. 129\/1992, republicat\u0103 \u2013 privind desenele \u015fi modelele industriale. Lipsa men\u0163iunii privind unele texte legale ori dispozi\u0163ii incidente nu duce la inaplicabilitatea acestora.<\/p><p style=\"margin-right: 0px; margin-bottom: 3rem; margin-left: 0px;\">b.\u00a0Site-ul \u015fi con\u0163inutul acestuia, inclusiv con\u0163inutul din newsletter, sunt protejate de c\u0103tre Legea drepturilor de autor din Rom\u00e2nia, precum \u015fi de dispozi\u0163iile privitoare la copyright aplicabile \u00een alte teritorii dec\u00e2t Rom\u00e2nia. Utilizatorii nu pot copia, stoca, modifica ori transfera cu orice titlu, \u00een parte ori \u00eentreg site \u015fi\/sau con\u0163inutul acestuia. Exploatarea este liber\u0103, sub condi\u0163ia non-comercialit\u0103\u0163ii \u015fi respect\u0103rii termenilor impu\u015fi de c\u0103tre Ces Brands SRL.<\/p><p style=\"margin-right: 0px; margin-bottom: 3rem; margin-left: 0px;\">c.\u00a0Orice form\u0103 de copiere, stocare, modificare \u015fi\/sau transmitere a con\u0163inutului, inclusiv cel cuprins \u00een newsletter, este expres interzis\u0103, f\u0103r\u0103 acordul prealabil \u015fi scris al Ces Brands SRL.<\/p><p style=\"margin-right: 0px; margin-bottom: 3rem; margin-left: 0px;\">d. Ces Brands SRL\u00a0nu r\u0103spunde de eventualele prejudicii, litigii existente, n\u0103scute ori izvor\u00e2te \u00een leg\u0103tur\u0103 cu\/din copierea, stocarea, modificare ori transferarea \u00eentregului ori a unei p\u0103r\u0163i din con\u0163inut \u00een orice mediu.<\/p><p style=\"margin-right: 0px; margin-bottom: 3rem; margin-left: 0px;\">e.\u00a0\u00cen cazul \u00een care considera\u0163i c\u0103 orice material publicat pe acest site de echipa redac\u0163ional\u0103 sau de oricine altcineva \u00eencalc\u0103 drepturile de autor sau orice alte drepturi, v\u0103 rug\u0103m s\u0103 ne sesiza\u0163i acest lucru printr-un mesaj trimis la una dintre adresele publicate \u00een sec\u0163iunea Contact a site-ului.<\/p><p style=\"margin-right: 0px; margin-bottom: 3rem; margin-left: 0px;\">2. DREPTURI DE AUTOR<\/p><p style=\"margin-right: 0px; margin-bottom: 3rem; margin-left: 0px;\">a.\u00a0Toate drepturile rezervate. Utilizatorii pot desc\u0103rca \u015fi tip\u0103ri con\u0163inut de pe acest site doar pentru uzul personal sau necomercial.<\/p><p style=\"margin-right: 0px; margin-bottom: 3rem; margin-left: 0px;\">b.\u00a0Sunt interzise copierea, reproducerea, recompilarea, decompilarea, distribuirea, publicarea, afi\u015farea, modificarea, crearea de componente sau produse sau servicii complete derivate, precum \u015fi orice modalitate de exploatare a con\u0163inutului site-ului\u00a0<a href=\"https:\/\/bookatar.ro\/\">www.bookatar.ro<\/a>\u00a0cu excep\u0163ia afi\u015f\u0103rii pe ecranul unui computer personal \u015fi imprimarea sau desc\u0103rcarea, \u00een scop personal \u015fi necomercial, a anumitor documente sau informa\u0163ii explicit desemnate \u00een acest scop, cu condi\u0163ia p\u0103str\u0103rii nemodificate a tuturor elementelor care fac referire la drepturile de proprietate intelectual\u0103, alte drepturi de proprietate \u015fi condi\u0163iile de utilizare ale documentelor sau informa\u0163iilor respective.<\/p><p style=\"margin-right: 0px; margin-bottom: 3rem; margin-left: 0px;\">c.\u00a0Preluarea de informa\u0163ii de c\u0103tre alte site-uri web poate fi f\u0103cut\u0103 numai \u00een acord cu termenii agrea\u0163i de c\u0103tre Clubul Rom\u00e2n de Pres\u0103: \u201cConsiliul de Onoare consider\u0103 c\u0103 preluarea f\u0103r\u0103 cost a unor materiale de pres\u0103 se poate realiza doar \u00een limita a 500 de semne, dar f\u0103r\u0103 a dep\u0103\u015fi jum\u0103tate din articolul sau \u015ftirea \u00een cauz\u0103, asigur\u00e2ndu-se astfel at\u00e2t libera circula\u0163ie a informa\u0163iei, c\u00e2t \u015fi caracterul de \u00abrevist\u0103 a presei\u00bb sus\u0163inut de paginile de internet \u00een cauz\u0103.\u00a0\u00cen mod obligatoriu, \u00een aceste cazuri, trebuie citat\u0103 sursa informa\u0163iei.\u00a0Preluarea a mai mult dec\u00e2t cele prev\u0103zute anterior se poate realiza doar \u00een condi\u0163iile unui acord, financiar sau de alt\u0103 natur\u0103, \u00eencheiat cu de\u0163in\u0103torul drepturilor\u201d.<\/p><p style=\"margin-right: 0px; margin-bottom: 3rem; margin-left: 0px;\">Sursa\u00a0<a href=\"https:\/\/bookatar.ro\/\">www.bookatar.ro<\/a> va fi citat\u0103, cu link c\u0103tre site, \u00een primul paragraf. De asemenea, la sf\u00e2r\u015fitul fragmentului preluat, dup\u0103 ultimul paragraf \u015fi \u00een afara acestuia (sau la \u00eenceputul \u015ftirii, \u00een func\u0163ie de layout-urile site-urilor \u00een cauz\u0103), se va preciza \u00een mod vizibil: \u201cSURSA: bookatar.ro\u201d, cu link c\u0103tre site-ul <a style=\"color: #ff5b33; padding-bottom: 0px; border-bottom: none; transition: border-bottom 0.15s ease-in 0s;\" href=\"https:\/\/bookatar.ro\/\" target=\"_blank\" rel=\"noopener\">www.bookatar.ro<\/a>.<\/p><p style=\"margin-right: 0px; margin-bottom: 3rem; margin-left: 0px;\">Mediile offline se supun de asemenea prevederilor Legii drepturilor de autor din Rom\u00e2nia.<\/p><p style=\"margin-right: 0px; margin-bottom: 3rem; margin-left: 0px;\">d. Bookatar.ro, logo-ul bookatar.ro \u015fi www.bookatar.ro sunt proprietatea S.C. Ces Brands SRL, niciuna dintre ele neput\u00e2nd fi utilizat\u0103 f\u0103r\u0103 acordul scris al S.C. Ces Brands SRL.<\/p><p style=\"margin-right: 0px; margin-bottom: 3rem; margin-left: 0px;\">3. R\u0102SPUNDERI<\/p><p style=\"margin-right: 0px; margin-bottom: 3rem; margin-left: 0px;\">a. Utilizatorul este singurul responsabil at\u00e2t fa\u0163\u0103 de ter\u0163i, c\u00e2t \u015fi fa\u0163\u0103 de bookatar.ro \u00een leg\u0103tur\u0103 cu accesarea\/utilizarea\/exploatarea con\u0163inutului. Bookatar.ro \u00ee\u015fi rezerv\u0103 dreptul de a modifica, \u015fterge orice mesaj postat pe site, intrepretat la discre\u0163ia Bookatar.ro ca fiind abuziv, def\u0103im\u0103tor, obscen ori de natur\u0103 a aduce vreo atingere unui drept legal protejat.<\/p><p style=\"margin-right: 0px; margin-bottom: 3rem; margin-left: 0px;\">b. Utilizarea site-ului reprezint\u0103 faptul c\u0103 utilizatorul declar\u0103 \u015fi este de acord cu publicarea de c\u0103tre Bookatar.ro a unui con\u0163inut stabilit pe baza unor criterii proprii. Acest con\u0163inut poate fi interpretat ca fiind publicat, prezentat \u00eentr-o manier\u0103 care s\u0103 nu fie conform\u0103 cu dorin\u0163ele utilizatorului. \u00centr-un astfel de caz, r\u0103spunderea Bookatar.ro nu poate fi re\u0163inut\u0103.<\/p><p style=\"margin-right: 0px; margin-bottom: 3rem; margin-left: 0px;\">4. TRANSMITEREA DE INFORMA\u0162II C\u0102TRE Bookatar.ro<\/p><p style=\"margin-right: 0px; margin-bottom: 3rem; margin-left: 0px;\">a. Prin transmiterea de informa\u0163ii c\u0103tre Bookatar.ro se \u00een\u0163elege furnizarea de c\u0103tre utilizator a unor materiale, incluz\u00e2nd, dar f\u0103r\u0103 a se limita la mesaje, articole, informa\u0163ii, fotografii, date, clipuri audio\/video.<\/p><p style=\"margin-right: 0px; margin-bottom: 3rem; margin-left: 0px;\">b. Transmiterea de informa\u0163ii c\u0103tre Bookatar.ro echivaleaz\u0103 cu acceptul acordat Bookatar.ro ca liber de orice obliga\u0163ie privind achitarea unei pl\u0103\u0163i \u015fi\/sau remunera\u0163ii, ne-exclusiv \u015fi pe o perioad\u0103 de 50 de ani, s\u0103 utilizeze, copieze, publice, distribuie, \u00een orice mod \u015fi cu orice titlu, \u00een orice mediu existent ori descoperit \u00een viitor, aceste informa\u0163ii.<\/p><p style=\"margin-right: 0px; margin-bottom: 3rem; margin-left: 0px;\">c. Totodat\u0103, prin transmiterea de informa\u0163ii c\u0103tre Bookatar.ro, se prezum\u0103 acordul utilizatorului privind desp\u0103gubirea Bookatar.ro \u015fi\/sau a ter\u0163ilor ca urmare a existen\u0163ei\/na\u015fterii unor prejudicii de orice fel din utilizarea, copierea, publicarea sau distribuirea respectivelor informa\u0163ii. Bookatar.ro nu accept\u0103 o r\u0103spundere limitat\u0103 din partea furnizorului de informa\u0163ii.<\/p><p style=\"margin-right: 0px; margin-bottom: 3rem; margin-left: 0px;\">d. Bookatar.ro nu \u00ee\u015fi asum\u0103 responsabilitatea pentru materialele postate pe acest site de alte persoane dec\u00e2t cele care au un contract semnat cu Ces Brands SRL. Bookatar.ro se disociaz\u0103 de mesajele cu caracter rasist, xenofob, antisemit, calomniator, insult\u0103tor, def\u0103im\u0103tor, obscen sau indecent publicate pe site de utilizatori \u00een sec\u0163iunea de comentarii.<\/p><p style=\"margin-right: 0px; margin-bottom: 3rem; margin-left: 0px;\">5. OBLIGATIILE UTILIZATORILOR LA \u00ceNREGISTRARE<\/p><p style=\"margin-right: 0px; margin-bottom: 3rem; margin-left: 0px;\">a. Accesul la con\u0163inutul online al site-ului <a href=\"https:\/\/bookatar.ro\/\">Bookatar.ro<\/a>\u00a0se face par\u0163ial liber, par\u0163ial pe baza datelor de \u00eenregistrare.<\/p><p style=\"margin-right: 0px; margin-bottom: 3rem; margin-left: 0px;\">b.\u00a0Pentru op\u0163iunea \u201cLogin \/ \u00cenregistrare\u201d, utilizatorului i se va cere s\u0103 ofere datele sale de contact. Formularul (formularele) de \u00eenregistrare va con\u0163ine informa\u0163ii de contact detaliate ale utilizatorului (nume, prenume, compania, telefonul mobil, adresa de e-mail).<\/p><p style=\"margin-right: 0px; margin-bottom: 3rem; margin-left: 0px;\">c. Informa\u0163iile personale puse la dispozi\u0163ia <a href=\"https:\/\/bookatar.ro\/\">Bookatar.ro<\/a> pentru a putea primi sau utiliza unele servicii sunt protejate \u00een condi\u0163iile Legii 677\/2001 privind protec\u0163ia datelor, actualizat\u0103 \u00een 2013 \u0219i de Regulamentul (UE) 2016\/679 privind protec\u021bia persoanelor fizice \u00een ceea ce prive\u0219te prelucrarea datelor cu caracter personal \u0219i privind libera circula\u021bie a acestor date (GDPR). Prin completarea c\u00e2mpurilor din formularele de \u00eenregistrare on-line, utilizatorii sunt de acord ca datele personale pe care le \u00eenregistreaz\u0103 s\u0103 intre \u00een baza de date <a href=\"https:\/\/bookatar.ro\/\">Bookatar.ro<\/a> \u015fi s\u0103 primeasc\u0103 mesaje cu privire la produse \u015fi servicii, promo\u0163ii, concursuri sau orice alte ac\u0163iuni editoriale \u015fi de marketing desf\u0103\u015furate \u00een viitor de c\u0103tre <a href=\"https:\/\/bookatar.ro\/\">Bookatar.ro<\/a> \u015fi partenerii s\u0103i agrea\u0163i.<\/p><p style=\"margin-right: 0px; margin-bottom: 3rem; margin-left: 0px;\">d. Dup\u0103 completarea formularului de \u00eenregistrare, utilizatorul are la dispozi\u0163ie un cont pentru utilizarea serviciilor. Utilizatorul este \u00een \u00eentregime responsabil pentru p\u0103strarea confiden\u0163ialit\u0103\u0163ii asupra parolei asociate accesului la serviciile <a href=\"https:\/\/bookatar.ro\/\">Bookatar.ro<\/a>.<\/p><p style=\"margin-right: 0px; margin-bottom: 3rem; margin-left: 0px;\">e.\u00a0La solicitarea explicit\u0103 a utilizatorului, adresat\u0103 la dan.radu@cesbrands.ro, Revistadinlemn.ro se oblig\u0103 s\u0103 rectifice, actualizeze, blocheze, \u015ftearg\u0103 sau transforme \u00een date anonime \u015fi s\u0103 \u00eenceteze prelucrarea datelor personale ale utilizatorului, \u00een mod gratuit, datele personale conform Regulamentului (UE) 2016\/679 privind protec\u021bia persoanelor fizice \u00een ceea ce prive\u0219te prelucrarea datelor cu caracter personal \u0219i privind libera circula\u021bie a acestor date.<\/p><p style=\"margin-right: 0px; margin-bottom: 3rem; margin-left: 0px;\">f. <a href=\"https:\/\/bookatar.ro\/\">Bookatar.ro<\/a> se oblig\u0103 s\u0103 nu fac\u0103 public\u0103 adresa de e-mail a utilizatorilor \u015fi s\u0103 nu o dezv\u0103luie unei ter\u0163e p\u0103r\u0163i, dac\u0103 aceasta nu se afl\u0103 \u00eentre partenerii agrea\u0163i \u00een mod expres, \u00een afara cazului \u00een care acest lucru este necesar pentru a respecta legea \u015fi\/sau procedurile judiciare.<\/p><p style=\"margin-right: 0px; margin-bottom: 3rem; margin-left: 0px;\">g. <a href=\"https:\/\/bookatar.ro\/\">Bookatar.ro<\/a> se oblig\u0103 s\u0103 anun\u021be imediat autorit\u0103\u021bii atacurile av\u00e2nd ca scop furtul sau vandalismul \u015fi care ar putea conduce la dezv\u0103luirea sau compromiterea datelor. <a href=\"https:\/\/bookatar.ro\/\">Bookatar.ro<\/a> nu \u00ee\u015fi asum\u0103 niciun fel de responsabilitate pentru situa\u0163iile \u00een care utilizatorul \u00ee\u015fi public\u0103 adresa sau orice alte date personale, din proprie ini\u0163iativ\u0103, \u00eentr-un mesaj public, pe oricare dintre paginile <a href=\"https:\/\/bookatar.ro\/\">Bookatar.ro<\/a>.<\/p><p style=\"margin-right: 0px; margin-bottom: 3rem; margin-left: 0px;\">h. <a href=\"https:\/\/bookatar.ro\/\">Bookatar.ro<\/a> \u00ee\u015fi rezerv\u0103 dreptul de a modifica, revizui, completa aceste reguli \u00een orice moment. Orice modificare va fi f\u0103cut\u0103 public\u0103 \u00een aceast\u0103 pagin\u0103 \u015fi va intra efectiv \u00een vigoare din momentul post\u0103rii ei pe site.<\/p><p style=\"margin-right: 0px; margin-bottom: 3rem; margin-left: 0px;\">6. NEWSLETTER<\/p><p style=\"margin-right: 0px; margin-bottom: 3rem; margin-left: 0px;\">a. Newsletter-ul Revistadinlemn.ro este un serviciu gratuit \u015fi const\u0103 \u00eentr-un mesaj electronic (e-mail) livrat regulat de c\u0103tre <a href=\"https:\/\/bookatar.ro\/\">Bookatar.ro<\/a> utilizatorilor abona\u0163i. Abonarea la newsletter se face doar la cererea utilizatorului.<\/p><p style=\"margin-right: 0px; margin-bottom: 3rem; margin-left: 0px;\">b. Pentru abonare la newsletter, utilizatorul va furniza <a href=\"https:\/\/bookatar.ro\/\">Bookatar.ro<\/a>, printr-un formular, datele sale personale: nume, prenume, adresa de e-mail. Este obligatoriu ca datele introduse \u00een formular s\u0103 fie reale.<\/p><p style=\"margin-right: 0px; margin-bottom: 3rem; margin-left: 0px;\">c. Ulterior complet\u0103rii formularului de abonare, pe adresa de e-mail furnizat\u0103, utilizatorul va primi un mesaj de confirmare a abon\u0103rii la newsletter. \u00cenregistrarea utilizatorului \u00een baza de date a abona\u0163ilor la newsletter se va efectua doar dup\u0103 confirmarea abon\u0103rii la newsletter.<\/p><p style=\"margin-right: 0px; margin-bottom: 3rem; margin-left: 0px;\">d. Furnizorul \u00ee\u015fi rezerv\u0103 dreptul de a refuza f\u0103r\u0103 o notificare \u00een prealabil abonarea la newsletter dac\u0103 observ\u0103 c\u0103 datele introduse \u00een formular nu sunt reale sau nu apar\u0163in utilizatorului.<\/p><p style=\"margin-right: 0px; margin-bottom: 3rem; margin-left: 0px;\">e. Prin completarea formularului de abonare la newsletter, utilizatorul \u00ee\u015fi d\u0103 acordul, conform\u00a0<a style=\"color: #ff5b33; padding-bottom: 0px; border-bottom: none; transition: border-bottom 0.15s ease-in 0s;\" href=\"https:\/\/bookatar.ro\/privacy-center\/privacy-policy\/\">Politicii de confiden\u021bialitate<\/a>, ca datele sale cu caracter personal s\u0103 fie stocate \u015fi prelucrate de Bookatar.ro. Datele personale completate \u00een formular vor fi folosite \u00een conformitate cu <a style=\"color: #ff5b33; padding-bottom: 0px; border-bottom: none; transition: border-bottom 0.15s ease-in 0s;\" href=\"https:\/\/bookatar.ro\/privacy-center\/privacy-policy\/\">politica de confiden\u0163ialitate a Bookatar.ro<\/a>\u00a0\u015fi nu vor fi f\u0103cute publice niciunei ter\u0163e p\u0103r\u0163i f\u0103r\u0103 acordul utilizatorului.<\/p><p style=\"margin-right: 0px; margin-bottom: 3rem; margin-left: 0px;\">f. Bookatar.ro nu ofer\u0103 niciun fel de garan\u0163ie asupra con\u0163inutului furnizat \u00een newsletter \u015fi nu ofer\u0103 nicio garan\u0163ie c\u0103 serviciul va func\u0163iona f\u0103r\u0103 \u00eentreruperi sau f\u0103r\u0103 erori, c\u0103 defec\u0163iunile vor fi remediate sau c\u0103 materialele furnizate prin e-mail sunt corecte, exacte \u015fi\/sau de \u00eencredere. Bookatar.ro nu poate fi f\u0103cut responsabil pentru niciun fel de daune, pierderi sau nepl\u0103ceri cauzate de folosirea serviciului. R\u0103spunderea folosirii serviciului revine \u00een totalitate utilizatorului.<\/p><p style=\"margin-right: 0px; margin-bottom: 3rem; margin-left: 0px;\">g. Oricare dintre p\u0103r\u0163i are dreptul de a \u00eenceta furnizarea, respectiv accesul la serviciul de newsletter, oric\u00e2nd, f\u0103r\u0103 invocarea vreunui motiv \u015fi f\u0103r\u0103 notificare prealabil\u0103.<\/p><p style=\"margin-right: 0px; margin-bottom: 3rem; margin-left: 0px;\">6. SECURITATE<\/p><p style=\"margin-right: 0px; margin-bottom: 3rem; margin-left: 0px;\">Bookatar.ro adopt\u0103 toate m\u0103surile de securitate pentru a proteja informa\u0163iile personale ale utilizatorilor s\u0103i. \u00cen momentul complet\u0103rii datelor personale pe site-ul nostru, informa\u0163iile vor fi protejate at\u00e2t offline, c\u00e2t \u015fi online. Toate informa\u0163iile despre utilizatori sunt confiden\u0163iale. Doar angaja\u0163ii a c\u0103ror activitate specific\u0103 implic\u0103 lucrul cu informa\u0163ii personale (de exemplu, reprezentan\u0163ii serviciu clien\u0163i) au acces la datele de identificare ale utilizatorilor. Serverele pe care sunt stocate informa\u0163iile personale de identificare a utilizatorilor sunt localizate \u00eentr-un loc securizat.<\/p><p style=\"margin-right: 0px; margin-bottom: 3rem; margin-left: 0px;\">7. R\u0102SPUNDERE JURIDIC\u0102. DESP\u0102GUBIRI<\/p><p style=\"margin-right: 0px; margin-bottom: 3rem; margin-left: 0px;\">a. Con\u0163inutul acestui site, inclusiv \u015ftirile, datele \u015fi alte informa\u0163ii, este furnizat de Bookatar.ro \u015fi de c\u0103tre furnizorii s\u0103i de con\u0163inut. Acest site furnizeaz\u0103 instrumente de informare, \u00eens\u0103 nu ofer\u0103 niciun fel de sfat \u015fi nici nu face vreo recomandare referitoare la anumite instrumente financiare, investi\u0163ii sau produse.<\/p><p style=\"margin-right: 0px; margin-bottom: 3rem; margin-left: 0px;\">b. Bookatar.ro nu cere clien\u0163ilor s\u0103i informa\u0163ii personale prin intermediul unei coresponden\u0163e nesolicitate de ace\u015ftia. Orice tip de coresponden\u0163\u0103 care ofer\u0103 sfaturi financiare sau orice mesaj nesolicitat care cere divulgarea de informa\u0163ii personale trebuie considerat un fals \u015fi raportat c\u0103tre Bookatar.ro prin intermediul formularului de feedback accesibil pe site, dup\u0103 logare.<\/p><p style=\"margin-right: 0px; margin-bottom: 3rem; margin-left: 0px;\">c. Bookatar.ro \u015fi furnizorii s\u0103i de con\u0163inut nu r\u0103spund pentru erorile, impreciziile sau \u00eent\u00e2rzierile \u00een furnizarea con\u0163inutului oferit de site \u015fi nici pentru orice ac\u0163iune care se bazeaz\u0103 pe acest con\u0163inut. Bookatar.ro \u00ee\u015fi declin\u0103 orice responsabilitate privind garantarea, explicit\u0103 sau implicit\u0103, a acurate\u0163ii con\u0163inutului furnizat de ter\u0163i sau a felului \u00een care informa\u0163ia serve\u015fte anumitor scopuri. De\u015fi Revistadinlemn.ro face toate eforturile pentru a ob\u0163ine informa\u0163ii de \u00eencredere de la furnizorii s\u0103i externi, nu garanteaz\u0103 acurate\u0163ea informa\u0163iilor furnizate de ace\u015ftia.<\/p><p style=\"margin-right: 0px; margin-bottom: 3rem; margin-left: 0px;\">d. Bookatar.ro \u00ee\u015fi rezerv\u0103 dreptul de a modifica \u015fi actualiza aceste condi\u0163ii \u00een orice moment. Modific\u0103rile devin efective de la momentul public\u0103rii lor pe site.<\/p><\/div><\/div><\/div>\t\t\t\t\t\t\t\t<\/div>\n\t\t\t\t<\/div>\n\t\t\t\t\t<\/div>\n\t\t<\/div>\n\t\t\t\t\t<\/div>\n\t\t<\/section>\n\t\t\t\t<\/div>\n\t\t","protected":false},"excerpt":{"rendered":"<p>Termeni \u0219i condi\u021bii \u00a0 \u00a0 TERMENI GENERALI a.\u00a0Acest site,\u00a0bookatar.ro, \u00a0apar\u0163ine\u00a0Ces Brands SRL. Accesarea acestuia ori a oric\u0103rei p\u0103r\u0163i din el presupune acordul tacit al utilizatorilor cu termenii de mai jos. b.Ces Brands SRL\u00a0poate schimba con\u0163inutul site-ului la orice moment, poate aduce modific\u0103ri de structur\u0103, con\u0163inut \u015fi accesibilitate, poate sista furnizarea informa\u0163iilor pe site, f\u0103r\u0103 un [&hellip;]<\/p>\n","protected":false},"author":1,"featured_media":0,"parent":514,"menu_order":0,"comment_status":"closed","ping_status":"closed","template":"elementor_header_footer","meta":{"_seopress_robots_primary_cat":"","_seopress_titles_title":"","_seopress_titles_desc":"","_seopress_robots_index":"","footnotes":""},"class_list":["post-525","page","type-page","status-publish","hentry"],"_links":{"self":[{"href":"https:\/\/bookatar.ro\/en\/wp-json\/wp\/v2\/pages\/525","targetHints":{"allow":["GET"]}}],"collection":[{"href":"https:\/\/bookatar.ro\/en\/wp-json\/wp\/v2\/pages"}],"about":[{"href":"https:\/\/bookatar.ro\/en\/wp-json\/wp\/v2\/types\/page"}],"author":[{"embeddable":true,"href":"https:\/\/bookatar.ro\/en\/wp-json\/wp\/v2\/users\/1"}],"replies":[{"embeddable":true,"href":"https:\/\/bookatar.ro\/en\/wp-json\/wp\/v2\/comments?post=525"}],"version-history":[{"count":3,"href":"https:\/\/bookatar.ro\/en\/wp-json\/wp\/v2\/pages\/525\/revisions"}],"predecessor-version":[{"id":886,"href":"https:\/\/bookatar.ro\/en\/wp-json\/wp\/v2\/pages\/525\/revisions\/886"}],"up":[{"embeddable":true,"href":"https:\/\/bookatar.ro\/en\/wp-json\/wp\/v2\/pages\/514"}],"wp:attachment":[{"href":"https:\/\/bookatar.ro\/en\/wp-json\/wp\/v2\/media?parent=525"}],"curies":[{"name":"wp","href":"https:\/\/api.w.org\/{rel}","templated":true}]}}